{"id":279,"date":"2024-02-01T17:03:21","date_gmt":"2024-02-01T22:03:21","guid":{"rendered":"https:\/\/andrearamirezpr.com\/?page_id=279"},"modified":"2024-02-01T17:07:02","modified_gmt":"2024-02-01T22:07:02","slug":"angela-alvarez-grammy-2022","status":"publish","type":"page","link":"https:\/\/andrearamirezpr.com\/en\/angela-alvarez-grammy-2022\/","title":{"rendered":"\u00c1ngela \u00c1lvarez Grammy 2022"},"content":{"rendered":"<style>.elementor-279 .elementor-element.elementor-element-2ec5d7af:not(.elementor-motion-effects-element-type-background), .elementor-279 .elementor-element.elementor-element-2ec5d7af > .elementor-motion-effects-container > .elementor-motion-effects-layer{background-image:url(\"https:\/\/andrearamirezpr.com\/wp-content\/uploads\/2024\/01\/sound-producers-sitting-at-recording-studio-and-discussing.jpg\");background-position:0px 28%;background-size:cover;}.elementor-279 .elementor-element.elementor-element-2ec5d7af > .elementor-background-overlay{background-color:#121212;opacity:0.7;transition:background 0.3s, border-radius 0.3s, opacity 0.3s;}.elementor-279 .elementor-element.elementor-element-2ec5d7af > .elementor-container{max-width:1170px;}.elementor-279 .elementor-element.elementor-element-2ec5d7af{transition:background 0.3s, border 0.3s, border-radius 0.3s, box-shadow 0.3s;margin-top:-84px;margin-bottom:0px;padding:200px 0px 100px 0px;}.elementor-279 .elementor-element.elementor-element-539dc174{z-index:1;text-align:center;}.elementor-279 .elementor-element.elementor-element-539dc174 .elementor-heading-title{font-family:var( --e-global-typography-secondary-font-family ), Sans-serif;font-size:var( --e-global-typography-secondary-font-size );font-weight:var( --e-global-typography-secondary-font-weight );line-height:var( --e-global-typography-secondary-line-height );color:#FFFFFF;}.elementor-279 .elementor-element.elementor-element-314ce5 > .elementor-widget-container{margin:10px 0px 0px 0px;padding:0% 25% 0% 25%;}.elementor-279 .elementor-element.elementor-element-314ce5{text-align:center;color:#FFFFFF;}body:not(.rtl) .elementor-279 .elementor-element.elementor-element-41c245a7{left:0%;}body.rtl .elementor-279 .elementor-element.elementor-element-41c245a7{right:0%;}.elementor-279 .elementor-element.elementor-element-41c245a7{top:-12%;z-index:0;text-align:center;}.elementor-279 .elementor-element.elementor-element-41c245a7 .elementor-heading-title{font-family:var( --e-global-typography-accent-font-family ), Sans-serif;font-size:var( --e-global-typography-accent-font-size );font-weight:var( --e-global-typography-accent-font-weight );text-transform:var( --e-global-typography-accent-text-transform );line-height:var( --e-global-typography-accent-line-height );letter-spacing:var( --e-global-typography-accent-letter-spacing );color:#FFFFFF38;}.elementor-279 .elementor-element.elementor-element-626a716f > .elementor-container > .elementor-column > .elementor-widget-wrap{align-content:center;align-items:center;}.elementor-279 .elementor-element.elementor-element-626a716f{padding:100px 0px 60px 0px;}.elementor-bc-flex-widget .elementor-279 .elementor-element.elementor-element-393b4c9a.elementor-column .elementor-widget-wrap{align-items:flex-start;}.elementor-279 .elementor-element.elementor-element-393b4c9a.elementor-column.elementor-element[data-element_type=\"column\"] > .elementor-widget-wrap.elementor-element-populated{align-content:flex-start;align-items:flex-start;}.elementor-279 .elementor-element.elementor-element-393b4c9a > .elementor-element-populated{margin:0px 0px 0px 0px;--e-column-margin-right:0px;--e-column-margin-left:0px;}.elementor-279 .elementor-element.elementor-element-177a6a6 img{width:100%;border-radius:5px 0px 0px 5px;}.elementor-279 .elementor-element.elementor-element-8a14444 img{width:100%;border-radius:5px 0px 0px 5px;}.elementor-279 .elementor-element.elementor-element-77b51bca.elementor-column > .elementor-widget-wrap{justify-content:center;}.elementor-279 .elementor-element.elementor-element-77b51bca > .elementor-element-populated{transition:background 0.3s, border 0.3s, border-radius 0.3s, box-shadow 0.3s;padding:0% 7% 10% 7%;}.elementor-279 .elementor-element.elementor-element-77b51bca > .elementor-element-populated > .elementor-background-overlay{transition:background 0.3s, border-radius 0.3s, opacity 0.3s;}.elementor-279 .elementor-element.elementor-element-fb8a49a{z-index:1;text-align:center;}.elementor-279 .elementor-element.elementor-element-fb8a49a .elementor-heading-title{font-family:var( --e-global-typography-secondary-font-family ), Sans-serif;font-size:var( --e-global-typography-secondary-font-size );font-weight:var( --e-global-typography-secondary-font-weight );line-height:var( --e-global-typography-secondary-line-height );color:var( --e-global-color-primary );}.elementor-279 .elementor-element.elementor-element-35aa3e0 > .elementor-widget-container{margin:0px 0px 0px 0px;}.elementor-279 .elementor-element.elementor-element-35aa3e0{text-align:left;font-family:\"Heebo\", Sans-serif;font-size:16px;font-weight:300;}@media(max-width:1024px){.elementor-279 .elementor-element.elementor-element-2ec5d7af:not(.elementor-motion-effects-element-type-background), .elementor-279 .elementor-element.elementor-element-2ec5d7af > .elementor-motion-effects-container > .elementor-motion-effects-layer{background-position:0px 0px;}.elementor-279 .elementor-element.elementor-element-2ec5d7af{margin-top:-65px;margin-bottom:0px;padding:165px 10px 100px 10px;}.elementor-279 .elementor-element.elementor-element-539dc174 .elementor-heading-title{font-size:var( --e-global-typography-secondary-font-size );line-height:var( --e-global-typography-secondary-line-height );}.elementor-279 .elementor-element.elementor-element-314ce5 > .elementor-widget-container{padding:0% 10% 0% 10%;}body:not(.rtl) .elementor-279 .elementor-element.elementor-element-41c245a7{left:-6px;}body.rtl .elementor-279 .elementor-element.elementor-element-41c245a7{right:-6px;}.elementor-279 .elementor-element.elementor-element-41c245a7{top:-18px;}.elementor-279 .elementor-element.elementor-element-41c245a7 .elementor-heading-title{font-size:var( --e-global-typography-accent-font-size );line-height:var( --e-global-typography-accent-line-height );letter-spacing:var( --e-global-typography-accent-letter-spacing );}.elementor-279 .elementor-element.elementor-element-626a716f{padding:80px 10px 40px 10px;}.elementor-279 .elementor-element.elementor-element-77b51bca.elementor-column > .elementor-widget-wrap{justify-content:flex-start;}.elementor-279 .elementor-element.elementor-element-77b51bca > .elementor-element-populated{margin:40px 0px 0px 0px;--e-column-margin-right:0px;--e-column-margin-left:0px;padding:10px 10px 10px 10px;}.elementor-279 .elementor-element.elementor-element-fb8a49a .elementor-heading-title{font-size:var( --e-global-typography-secondary-font-size );line-height:var( --e-global-typography-secondary-line-height );}}@media(max-width:767px){.elementor-279 .elementor-element.elementor-element-2ec5d7af:not(.elementor-motion-effects-element-type-background), .elementor-279 .elementor-element.elementor-element-2ec5d7af > .elementor-motion-effects-container > .elementor-motion-effects-layer{background-position:center center;}.elementor-279 .elementor-element.elementor-element-2ec5d7af{margin-top:-62px;margin-bottom:0px;padding:132px 10px 60px 10px;}.elementor-279 .elementor-element.elementor-element-539dc174 .elementor-heading-title{font-size:var( --e-global-typography-secondary-font-size );line-height:var( --e-global-typography-secondary-line-height );}.elementor-279 .elementor-element.elementor-element-314ce5 > .elementor-widget-container{padding:0px 0px 0px 0px;}body:not(.rtl) .elementor-279 .elementor-element.elementor-element-41c245a7{left:-2px;}body.rtl .elementor-279 .elementor-element.elementor-element-41c245a7{right:-2px;}.elementor-279 .elementor-element.elementor-element-41c245a7{top:-8px;}.elementor-279 .elementor-element.elementor-element-41c245a7 .elementor-heading-title{font-size:var( --e-global-typography-accent-font-size );line-height:var( --e-global-typography-accent-line-height );letter-spacing:var( --e-global-typography-accent-letter-spacing );}.elementor-279 .elementor-element.elementor-element-626a716f{padding:40px 10px 20px 10px;}.elementor-279 .elementor-element.elementor-element-fb8a49a .elementor-heading-title{font-size:var( --e-global-typography-secondary-font-size );line-height:var( --e-global-typography-secondary-line-height );}.elementor-279 .elementor-element.elementor-element-35aa3e0{font-size:14px;}}@media(min-width:768px){.elementor-279 .elementor-element.elementor-element-393b4c9a{width:38.421%;}.elementor-279 .elementor-element.elementor-element-77b51bca{width:61.579%;}}@media(max-width:1024px) and (min-width:768px){.elementor-279 .elementor-element.elementor-element-393b4c9a{width:100%;}.elementor-279 .elementor-element.elementor-element-77b51bca{width:100%;}}<\/style>\t\t<div data-elementor-type=\"wp-page\" data-elementor-id=\"279\" class=\"elementor elementor-279\" data-elementor-post-type=\"page\">\n\t\t\t\t\t\t<section class=\"elementor-section elementor-top-section elementor-element elementor-element-2ec5d7af elementor-section-boxed elementor-section-height-default elementor-section-height-default\" data-id=\"2ec5d7af\" data-element_type=\"section\" data-settings=\"{&quot;background_background&quot;:&quot;classic&quot;}\">\n\t\t\t\t\t\t\t<div class=\"elementor-background-overlay\"><\/div>\n\t\t\t\t\t\t\t<div class=\"elementor-container elementor-column-gap-default\">\n\t\t\t\t\t<div class=\"elementor-column elementor-col-100 elementor-top-column elementor-element elementor-element-24f88a8a\" data-id=\"24f88a8a\" data-element_type=\"column\">\n\t\t\t<div class=\"elementor-widget-wrap elementor-element-populated\">\n\t\t\t\t\t\t<div class=\"elementor-element elementor-element-539dc174 elementor-widget elementor-widget-heading\" data-id=\"539dc174\" data-element_type=\"widget\" data-widget_type=\"heading.default\">\n\t\t\t\t<div class=\"elementor-widget-container\">\n\t\t\t\t\t<h2 class=\"elementor-heading-title elementor-size-default\">Angela Alvarez<\/h2>\t\t\t\t<\/div>\n\t\t\t\t<\/div>\n\t\t\t\t<div class=\"elementor-element elementor-element-314ce5 elementor-widget elementor-widget-text-editor\" data-id=\"314ce5\" data-element_type=\"widget\" data-widget_type=\"text-editor.default\">\n\t\t\t\t<div class=\"elementor-widget-container\">\n\t\t\t\t\t\t\t\t\t<p>At 95, the talented and charismatic Cuban singer-songwriter has been a shining example of determination and the incredible power of dreams.<\/p>\t\t\t\t\t\t\t\t<\/div>\n\t\t\t\t<\/div>\n\t\t\t\t<div class=\"elementor-element elementor-element-41c245a7 elementor-absolute elementor-widget elementor-widget-heading\" data-id=\"41c245a7\" data-element_type=\"widget\" data-settings=\"{&quot;_position&quot;:&quot;absolute&quot;}\" data-widget_type=\"heading.default\">\n\t\t\t\t<div class=\"elementor-widget-container\">\n\t\t\t\t\t<span class=\"elementor-heading-title elementor-size-default\">Angela Alvarez<\/span>\t\t\t\t<\/div>\n\t\t\t\t<\/div>\n\t\t\t\t\t<\/div>\n\t\t<\/div>\n\t\t\t\t\t<\/div>\n\t\t<\/section>\n\t\t\t\t<section class=\"elementor-section elementor-top-section elementor-element elementor-element-626a716f elementor-section-content-middle elementor-section-boxed elementor-section-height-default elementor-section-height-default\" data-id=\"626a716f\" data-element_type=\"section\">\n\t\t\t\t\t\t<div class=\"elementor-container elementor-column-gap-default\">\n\t\t\t\t\t<div class=\"elementor-column elementor-col-50 elementor-top-column elementor-element elementor-element-393b4c9a\" data-id=\"393b4c9a\" data-element_type=\"column\">\n\t\t\t<div class=\"elementor-widget-wrap elementor-element-populated\">\n\t\t\t\t\t\t<div class=\"elementor-element elementor-element-177a6a6 elementor-widget elementor-widget-image\" data-id=\"177a6a6\" data-element_type=\"widget\" data-widget_type=\"image.default\">\n\t\t\t\t<div class=\"elementor-widget-container\">\n\t\t\t\t\t\t\t\t\t\t\t\t\t\t\t<img fetchpriority=\"high\" decoding=\"async\" width=\"1000\" height=\"948\" src=\"https:\/\/andrearamirezpr.com\/wp-content\/uploads\/2024\/02\/Angela-Alvarez-Grammy-Andrea-Ramirez-PR-jpg.jpg\" class=\"attachment-full size-full wp-image-282\" alt=\"\" srcset=\"https:\/\/andrearamirezpr.com\/wp-content\/uploads\/2024\/02\/Angela-Alvarez-Grammy-Andrea-Ramirez-PR-jpg.jpg 1000w, https:\/\/andrearamirezpr.com\/wp-content\/uploads\/2024\/02\/Angela-Alvarez-Grammy-Andrea-Ramirez-PR-jpg-300x284.jpg 300w, https:\/\/andrearamirezpr.com\/wp-content\/uploads\/2024\/02\/Angela-Alvarez-Grammy-Andrea-Ramirez-PR-jpg-768x728.jpg 768w\" sizes=\"(max-width: 1000px) 100vw, 1000px\" \/>\t\t\t\t\t\t\t\t\t\t\t\t\t\t\t<\/div>\n\t\t\t\t<\/div>\n\t\t\t\t<div class=\"elementor-element elementor-element-8a14444 elementor-widget elementor-widget-image\" data-id=\"8a14444\" data-element_type=\"widget\" data-widget_type=\"image.default\">\n\t\t\t\t<div class=\"elementor-widget-container\">\n\t\t\t\t\t\t\t\t\t\t\t\t\t\t\t<img decoding=\"async\" width=\"695\" height=\"1024\" src=\"https:\/\/andrearamirezpr.com\/wp-content\/uploads\/2024\/02\/Angela-Alvarez-Grammy-Andrea-Ramirez-PR-2-695x1024-1.jpg\" class=\"attachment-full size-full wp-image-281\" alt=\"\" srcset=\"https:\/\/andrearamirezpr.com\/wp-content\/uploads\/2024\/02\/Angela-Alvarez-Grammy-Andrea-Ramirez-PR-2-695x1024-1.jpg 695w, https:\/\/andrearamirezpr.com\/wp-content\/uploads\/2024\/02\/Angela-Alvarez-Grammy-Andrea-Ramirez-PR-2-695x1024-1-204x300.jpg 204w\" sizes=\"(max-width: 695px) 100vw, 695px\" \/>\t\t\t\t\t\t\t\t\t\t\t\t\t\t\t<\/div>\n\t\t\t\t<\/div>\n\t\t\t\t\t<\/div>\n\t\t<\/div>\n\t\t\t\t<div class=\"elementor-column elementor-col-50 elementor-top-column elementor-element elementor-element-77b51bca\" data-id=\"77b51bca\" data-element_type=\"column\" data-settings=\"{&quot;background_background&quot;:&quot;classic&quot;}\">\n\t\t\t<div class=\"elementor-widget-wrap elementor-element-populated\">\n\t\t\t\t\t\t<div class=\"elementor-element elementor-element-fb8a49a elementor-widget elementor-widget-heading\" data-id=\"fb8a49a\" data-element_type=\"widget\" data-widget_type=\"heading.default\">\n\t\t\t\t<div class=\"elementor-widget-container\">\n\t\t\t\t\t<h2 class=\"elementor-heading-title elementor-size-default\">ANGELA ALVAREZ\nBECOMES THE LONGEST-EVER ARTIST TO WIN A\nLATIN GRAMMY\nIN THE CATEGORY\n\"BEST NEW ARTIST\" CATEGORY<\/h2>\t\t\t\t<\/div>\n\t\t\t\t<\/div>\n\t\t\t\t<div class=\"elementor-element elementor-element-35aa3e0 elementor-widget elementor-widget-text-editor\" data-id=\"35aa3e0\" data-element_type=\"widget\" data-widget_type=\"text-editor.default\">\n\t\t\t\t<div class=\"elementor-widget-container\">\n\t\t\t\t\t\t\t\t\t<p>Talented Cuban singer-songwriter \u00c1ngela \u00c1lvarez makes history at the 23rd Annual Latin Grammy Awards, securing the prestigious Best New Artist award and becoming the oldest artist to do so at the age of 95.<\/p><p>\"I am very happy to have received this award. I dedicate it to everyone who was part of this dream. To my grandson Carlos for making it possible, to friends like Andy Garcia who were supporting me second by second. Thanks to God who made it possible. I dedicate it to my daughter Marucha, who I am sure, from heaven, is enjoying it as much as I am,\" said Angela.<\/p>\n<p>Alvarez, who grew up in Castro's Cuba, was driven to become a singer and songwriter from the time she was a child, and through a series of unimaginable trials and tribulations that life threw at her, including the untimely death of her husband and daughter. She never gave up on her musical dreams, nor did she allow the glowing flame that always lit her spirit to be extinguished.<\/p>\n<p>Thanks to her grandson, film composer Carlos Jos\u00e9 \u00c1lvarez, who was so moved by his grandmother's exceptional talent and extraordinary life story that he assembled a team of world-class Grammy-winning musicians to help her record her remarkably profound songs, \u00c1ngela completed her eponymous debut album in 2021, the project that led to her historic Latin Grammy nomination and win tonight.<\/p>\n<p>Angela's groundbreaking Latin Grammy win follows other important recent milestones in her career, including the release of a stunning documentary about her life entitled \"Miss Angela,\" which was developed by filmmakers Paul Toogood and Lloyd Stanton and narrated by legendary actor Andy Garcia; as well as an appearance in the 2022 HBO movie \"Father of the Bride,\" where she played the role of Tia Pili alongside Garcia.<\/p>\n<p>Angela's life and music have inspired countless people to overcome even the most extreme adversity and accomplish their own goals. A shining example of resilience, she is living proof that any dream can become a reality, no matter how big or impossible it may seem.<\/p>\t\t\t\t\t\t\t\t<\/div>\n\t\t\t\t<\/div>\n\t\t\t\t\t<\/div>\n\t\t<\/div>\n\t\t\t\t\t<\/div>\n\t\t<\/section>\n\t\t\t\t<\/div>","protected":false},"excerpt":{"rendered":"<p>\u00c1ngela \u00c1lvarez At 95, the talented and charismatic Cuban singer-songwriter has been a shining example of determination and the incredible power of dreams. \u00c1ngela \u00c1lvarez \u00c1NGELA \u00c1LVAREZ BECOMES THE MOST LONG-TERM ARTIST TO WIN A LATIN GRAMMY IN THE \"BEST NEW ARTIST\" CATEGORY Talented Cuban singer-songwriter \u00c1ngela \u00c1lvarez makes [...]<\/p>","protected":false},"author":1,"featured_media":0,"parent":0,"menu_order":0,"comment_status":"closed","ping_status":"closed","template":"elementor_header_footer","meta":{"footnotes":""},"class_list":["post-279","page","type-page","status-publish","hentry"],"_links":{"self":[{"href":"https:\/\/andrearamirezpr.com\/en\/wp-json\/wp\/v2\/pages\/279","targetHints":{"allow":["GET"]}}],"collection":[{"href":"https:\/\/andrearamirezpr.com\/en\/wp-json\/wp\/v2\/pages"}],"about":[{"href":"https:\/\/andrearamirezpr.com\/en\/wp-json\/wp\/v2\/types\/page"}],"author":[{"embeddable":true,"href":"https:\/\/andrearamirezpr.com\/en\/wp-json\/wp\/v2\/users\/1"}],"replies":[{"embeddable":true,"href":"https:\/\/andrearamirezpr.com\/en\/wp-json\/wp\/v2\/comments?post=279"}],"version-history":[{"count":4,"href":"https:\/\/andrearamirezpr.com\/en\/wp-json\/wp\/v2\/pages\/279\/revisions"}],"predecessor-version":[{"id":285,"href":"https:\/\/andrearamirezpr.com\/en\/wp-json\/wp\/v2\/pages\/279\/revisions\/285"}],"wp:attachment":[{"href":"https:\/\/andrearamirezpr.com\/en\/wp-json\/wp\/v2\/media?parent=279"}],"curies":[{"name":"wp","href":"https:\/\/api.w.org\/{rel}","templated":true}]}}